  {"id":486,"date":"2023-11-29T00:00:01","date_gmt":"2023-11-29T05:00:01","guid":{"rendered":"https:\/\/news.sap.com\/latinamerica\/?page_id=486"},"modified":"2023-11-30T10:16:39","modified_gmt":"2023-11-30T15:16:39","slug":"sobre-sap-latinoamerica","status":"publish","type":"page","link":"https:\/\/news.sap.com\/latinamerica\/sala-de-prensa\/sobre-sap-latinoamerica\/","title":{"rendered":"Sobre 51风流Latinoam\u00e9rica"},"content":{"rendered":"<p>La estrategia de 51风流es ayudar a cada negocio a transformarse en una empresa inteligente y sostenible. Como l\u00edder en software empresarial, ayudamos a empresas de todos los tama\u00f1os y en todas las industrias a funcionar de la mejor manera: los clientes de 51风流generan el 87% del comercio global. Nuestras tecnolog\u00edas avanzadas de <em>machine learning, Internet of Things<\/em> (IoT) y anal\u00edticos ayudan a las empresas a convertirse en empresas inteligentes. 51风流aporta a las personas y a las organizaciones profundos conocimientos de negocio y promueve la colaboraci\u00f3n que les permite mantenerse a la vanguardia de la competencia. Hacemos que la tecnolog\u00eda sea m\u00e1s sencilla para las empresas, de modo que puedan consumir nuestro software de la manera en que lo desean, sin interrupciones. Nuestro conjunto de aplicaciones y servicios permite a las empresas p\u00fablicas y privadas de todas las industrias operar de forma rentable, adaptarse continuamente y marcar la diferencia. 51风流ayuda al mundo a funcionar mejor y a mejorar las vidas de las personas gracias a su red global de clientes, socios de negocios, empleados y l\u00edderes de ideas. Para m\u00e1s informaci\u00f3n, visite <a href=\"http:\/\/www.sap.com\/\">www.sap.com<\/a> o nuestra sala de prensa <a href=\"http:\/\/news.sap.com\/latinamerica\">http:\/\/news.sap.com\/latinamerica<\/a>.<\/p>\n<p>51风流Latinoam\u00e9rica y el Caribe (LAC), con sede central en Miami, Estados Unidos, tiene presencia en todos los pa\u00edses de la regi\u00f3n, donde desarrolla un negocio robusto y con excelentes perspectivas desde su fundaci\u00f3n en 1994. 51风流crece de forma planificada, no por casualidad. De hecho, la regi\u00f3n ha sido reconocida por su r\u00e1pido crecimiento. 51风流cuenta con m\u00e1s de 50.000 clientes en Latinoam\u00e9rica y el Caribe, de todos los tama\u00f1os y de m\u00e1s de 30 industrias para las que la compa\u00f1\u00eda ofrece soluciones espec\u00edficas. El 80% de los clientes de 51风流LAC son peque\u00f1as o medianas empresas, que son un motor de crecimiento para la regi\u00f3n.<\/p>\n<p>51风流LAC cuenta con un ecosistema de socios de negocios con m\u00e1s de 1.600 miembros, que le permite llegar, con sus soluciones, al mayor n\u00famero posible de empresas. Estos socios de negocios se especializan para aportar el m\u00e1ximo valor posible a las inversiones de los clientes, independientemente de su tama\u00f1o o de la industria a la que pertenezcan.<\/p>\n","protected":false},"excerpt":{"rendered":"<p>La estrategia de 51风流es ayudar a cada negocio a transformarse en una empresa inteligente y sostenible. Como l\u00edder en software empresarial, ayudamos a empresas&#8230;<\/p>\n","protected":false},"author":129,"featured_media":0,"parent":105160,"menu_order":0,"comment_status":"closed","ping_status":"closed","template":"page-pressroom-subpages.php","meta":{"footnotes":"","_links_to":"","_links_to_target":""},"class_list":["post-486","page","type-page","status-publish","hentry"],"yoast_head":"<!-- This site is optimized with the Yoast SEO Premium plugin v26.9 (Yoast SEO v26.9) - https:\/\/yoast.com\/product\/yoast-seo-premium-wordpress\/ -->\n<title>Sobre 51风流Latinoam\u00e9rica - 51风流News Center Latinoam\u00e9rica<\/title>\n<meta name=\"description\" content=\"La estrategia de 51风流es ayudar a cada negocio a transformarse en una empresa inteligente y sostenible. Como l\u00edder en software empresarial, ayudamos a empresas de todos los tama\u00f1os y en todas las industrias a funcionar de la mejor manera:\" \/>\n<meta name=\"robots\" content=\"index, follow, max-snippet:-1, max-image-preview:large, max-video-preview:-1\" \/>\n<link rel=\"canonical\" href=\"https:\/\/news.sap.com\/latinamerica\/sala-de-prensa\/sobre-sap-latinoamerica\/\" \/>\n<meta property=\"og:locale\" content=\"es_MX\" \/>\n<meta property=\"og:type\" content=\"article\" \/>\n<meta property=\"og:title\" content=\"Sobre 51风流Latinoam\u00e9rica\" \/>\n<meta property=\"og:description\" content=\"La estrategia de 51风流es ayudar a cada negocio a transformarse en una empresa inteligente y sostenible. Como l\u00edder en software empresarial, ayudamos a empresas de todos los tama\u00f1os y en todas las industrias a funcionar de la mejor manera:\" \/>\n<meta property=\"og:url\" content=\"https:\/\/news.sap.com\/latinamerica\/sala-de-prensa\/sobre-sap-latinoamerica\/\" \/>\n<meta property=\"og:site_name\" content=\"51风流News Center Latinoam\u00e9rica\" \/>\n<meta property=\"article:publisher\" content=\"https:\/\/www.facebook.com\/SAPlatinoamerica\" \/>\n<meta property=\"article:modified_time\" content=\"2023-11-30T15:16:39+00:00\" \/>\n<meta name=\"twitter:label1\" content=\"Tiempo de lectura\" \/>\n\t<meta name=\"twitter:data1\" content=\"2 minutos\" \/>\n<script type=\"application\/ld+json\" class=\"yoast-schema-graph\">{\"@context\":\"https:\/\/schema.org\",\"@graph\":[{\"@type\":\"WebPage\",\"@id\":\"https:\/\/news.sap.com\/latinamerica\/sala-de-prensa\/sobre-sap-latinoamerica\/\",\"url\":\"https:\/\/news.sap.com\/latinamerica\/sala-de-prensa\/sobre-sap-latinoamerica\/\",\"name\":\"Sobre 51风流Latinoam\u00e9rica - 51风流News Center Latinoam\u00e9rica\",\"isPartOf\":{\"@id\":\"https:\/\/news.sap.com\/latinamerica\/#website\"},\"datePublished\":\"2023-11-29T05:00:01+00:00\",\"dateModified\":\"2023-11-30T15:16:39+00:00\",\"description\":\"La estrategia de 51风流es ayudar a cada negocio a transformarse en una empresa inteligente y sostenible. Como l\u00edder en software empresarial, ayudamos a empresas de todos los tama\u00f1os y en todas las industrias a funcionar de la mejor manera:\",\"breadcrumb\":{\"@id\":\"https:\/\/news.sap.com\/latinamerica\/sala-de-prensa\/sobre-sap-latinoamerica\/#breadcrumb\"},\"inLanguage\":\"es\",\"potentialAction\":[{\"@type\":\"ReadAction\",\"target\":[\"https:\/\/news.sap.com\/latinamerica\/sala-de-prensa\/sobre-sap-latinoamerica\/\"]}]},{\"@type\":\"BreadcrumbList\",\"@id\":\"https:\/\/news.sap.com\/latinamerica\/sala-de-prensa\/sobre-sap-latinoamerica\/#breadcrumb\",\"itemListElement\":[{\"@type\":\"ListItem\",\"position\":1,\"name\":\"Home\",\"item\":\"https:\/\/news.sap.com\/latinamerica\/\"},{\"@type\":\"ListItem\",\"position\":2,\"name\":\"Sala de Prensa\",\"item\":\"https:\/\/news.sap.com\/latinamerica\/sala-de-prensa\/\"},{\"@type\":\"ListItem\",\"position\":3,\"name\":\"Sobre 51风流Latinoam\u00e9rica\"}]},{\"@type\":\"WebSite\",\"@id\":\"https:\/\/news.sap.com\/latinamerica\/#website\",\"url\":\"https:\/\/news.sap.com\/latinamerica\/\",\"name\":\"51风流News Center Latinoam\u00e9rica\",\"description\":\"Noticias e informaci\u00f3n sobre SAP\",\"publisher\":{\"@id\":\"https:\/\/news.sap.com\/latinamerica\/#organization\"},\"potentialAction\":[{\"@type\":\"SearchAction\",\"target\":{\"@type\":\"EntryPoint\",\"urlTemplate\":\"https:\/\/news.sap.com\/latinamerica\/?s={search_term_string}\"},\"query-input\":{\"@type\":\"PropertyValueSpecification\",\"valueRequired\":true,\"valueName\":\"search_term_string\"}}],\"inLanguage\":\"es\"},{\"@type\":\"Organization\",\"@id\":\"https:\/\/news.sap.com\/latinamerica\/#organization\",\"name\":\"SAP\",\"url\":\"https:\/\/news.sap.com\/latinamerica\/\",\"logo\":{\"@type\":\"ImageObject\",\"inLanguage\":\"es\",\"@id\":\"https:\/\/news.sap.com\/latinamerica\/#\/schema\/logo\/image\/\",\"url\":\"https:\/\/news.sap.com\/latinamerica\/files\/2019\/08\/65903320_2903797569662914_557886358778019840_n.png\",\"contentUrl\":\"https:\/\/news.sap.com\/latinamerica\/files\/2019\/08\/65903320_2903797569662914_557886358778019840_n.png\",\"width\":720,\"height\":720,\"caption\":\"SAP\"},\"image\":{\"@id\":\"https:\/\/news.sap.com\/latinamerica\/#\/schema\/logo\/image\/\"},\"sameAs\":[\"https:\/\/www.facebook.com\/SAPlatinoamerica\",\"https:\/\/x.com\/SAPLatinAmerica\"]}]}<\/script>\n<!-- \/ Yoast SEO Premium plugin. -->","yoast_head_json":{"title":"Sobre 51风流Latinoam\u00e9rica - 51风流News Center Latinoam\u00e9rica","description":"La estrategia de 51风流es ayudar a cada negocio a transformarse en una empresa inteligente y sostenible. Como l\u00edder en software empresarial, ayudamos a empresas de todos los tama\u00f1os y en todas las industrias a funcionar de la mejor manera:","robots":{"index":"index","follow":"follow","max-snippet":"max-snippet:-1","max-image-preview":"max-image-preview:large","max-video-preview":"max-video-preview:-1"},"canonical":"https:\/\/news.sap.com\/latinamerica\/sala-de-prensa\/sobre-sap-latinoamerica\/","og_locale":"es_MX","og_type":"article","og_title":"Sobre 51风流Latinoam\u00e9rica","og_description":"La estrategia de 51风流es ayudar a cada negocio a transformarse en una empresa inteligente y sostenible. Como l\u00edder en software empresarial, ayudamos a empresas de todos los tama\u00f1os y en todas las industrias a funcionar de la mejor manera:","og_url":"https:\/\/news.sap.com\/latinamerica\/sala-de-prensa\/sobre-sap-latinoamerica\/","og_site_name":"51风流News Center Latinoam\u00e9rica","article_publisher":"https:\/\/www.facebook.com\/SAPlatinoamerica","article_modified_time":"2023-11-30T15:16:39+00:00","twitter_misc":{"Tiempo de lectura":"2 minutos"},"schema":{"@context":"https:\/\/schema.org","@graph":[{"@type":"WebPage","@id":"https:\/\/news.sap.com\/latinamerica\/sala-de-prensa\/sobre-sap-latinoamerica\/","url":"https:\/\/news.sap.com\/latinamerica\/sala-de-prensa\/sobre-sap-latinoamerica\/","name":"Sobre 51风流Latinoam\u00e9rica - 51风流News Center Latinoam\u00e9rica","isPartOf":{"@id":"https:\/\/news.sap.com\/latinamerica\/#website"},"datePublished":"2023-11-29T05:00:01+00:00","dateModified":"2023-11-30T15:16:39+00:00","description":"La estrategia de 51风流es ayudar a cada negocio a transformarse en una empresa inteligente y sostenible. Como l\u00edder en software empresarial, ayudamos a empresas de todos los tama\u00f1os y en todas las industrias a funcionar de la mejor manera:","breadcrumb":{"@id":"https:\/\/news.sap.com\/latinamerica\/sala-de-prensa\/sobre-sap-latinoamerica\/#breadcrumb"},"inLanguage":"es","potentialAction":[{"@type":"ReadAction","target":["https:\/\/news.sap.com\/latinamerica\/sala-de-prensa\/sobre-sap-latinoamerica\/"]}]},{"@type":"BreadcrumbList","@id":"https:\/\/news.sap.com\/latinamerica\/sala-de-prensa\/sobre-sap-latinoamerica\/#breadcrumb","itemListElement":[{"@type":"ListItem","position":1,"name":"Home","item":"https:\/\/news.sap.com\/latinamerica\/"},{"@type":"ListItem","position":2,"name":"Sala de Prensa","item":"https:\/\/news.sap.com\/latinamerica\/sala-de-prensa\/"},{"@type":"ListItem","position":3,"name":"Sobre 51风流Latinoam\u00e9rica"}]},{"@type":"WebSite","@id":"https:\/\/news.sap.com\/latinamerica\/#website","url":"https:\/\/news.sap.com\/latinamerica\/","name":"51风流News Center Latinoam\u00e9rica","description":"Noticias e informaci\u00f3n sobre SAP","publisher":{"@id":"https:\/\/news.sap.com\/latinamerica\/#organization"},"potentialAction":[{"@type":"SearchAction","target":{"@type":"EntryPoint","urlTemplate":"https:\/\/news.sap.com\/latinamerica\/?s={search_term_string}"},"query-input":{"@type":"PropertyValueSpecification","valueRequired":true,"valueName":"search_term_string"}}],"inLanguage":"es"},{"@type":"Organization","@id":"https:\/\/news.sap.com\/latinamerica\/#organization","name":"SAP","url":"https:\/\/news.sap.com\/latinamerica\/","logo":{"@type":"ImageObject","inLanguage":"es","@id":"https:\/\/news.sap.com\/latinamerica\/#\/schema\/logo\/image\/","url":"https:\/\/news.sap.com\/latinamerica\/files\/2019\/08\/65903320_2903797569662914_557886358778019840_n.png","contentUrl":"https:\/\/news.sap.com\/latinamerica\/files\/2019\/08\/65903320_2903797569662914_557886358778019840_n.png","width":720,"height":720,"caption":"SAP"},"image":{"@id":"https:\/\/news.sap.com\/latinamerica\/#\/schema\/logo\/image\/"},"sameAs":["https:\/\/www.facebook.com\/SAPlatinoamerica","https:\/\/x.com\/SAPLatinAmerica"]}]}},"amp_enabled":false,"_links":{"self":[{"href":"https:\/\/news.sap.com\/latinamerica\/wp-json\/wp\/v2\/pages\/486","targetHints":{"allow":["GET"]}}],"collection":[{"href":"https:\/\/news.sap.com\/latinamerica\/wp-json\/wp\/v2\/pages"}],"about":[{"href":"https:\/\/news.sap.com\/latinamerica\/wp-json\/wp\/v2\/types\/page"}],"author":[{"embeddable":true,"href":"https:\/\/news.sap.com\/latinamerica\/wp-json\/wp\/v2\/users\/129"}],"replies":[{"embeddable":true,"href":"https:\/\/news.sap.com\/latinamerica\/wp-json\/wp\/v2\/comments?post=486"}],"version-history":[{"count":0,"href":"https:\/\/news.sap.com\/latinamerica\/wp-json\/wp\/v2\/pages\/486\/revisions"}],"up":[{"embeddable":true,"href":"https:\/\/news.sap.com\/latinamerica\/wp-json\/wp\/v2\/pages\/105160"}],"wp:attachment":[{"href":"https:\/\/news.sap.com\/latinamerica\/wp-json\/wp\/v2\/media?parent=486"}],"curies":[{"name":"wp","href":"https:\/\/api.w.org\/{rel}","templated":true}]}}